{"id":1745,"date":"2021-04-08T09:43:51","date_gmt":"2021-04-08T07:43:51","guid":{"rendered":"https:\/\/www.unser-hammelburg.de\/storchennest\/?page_id=1745"},"modified":"2022-02-25T23:48:06","modified_gmt":"2022-02-25T22:48:06","slug":"impressum","status":"publish","type":"page","link":"https:\/\/www.unser-hammelburg.de\/storchennest\/impressum\/","title":{"rendered":"Impressum"},"content":{"rendered":"\n<h3 class=\"wp-block-heading\">Anbieter:<\/h3>\n\n\n\n<p>Christian Fenn<br>Zur Kanzel 9<br>97762 Hammelburg<\/p>\n\n\n\n<h3 class=\"wp-block-heading\">Kontakt:<\/h3>\n\n\n\n<p>Telefon: 09732\/780773<br>Handy: 0170\/8525180<br>email: christian.fenn@jugendladen.de<\/p>\n\n\n\n<p>weitere Homepage: <a href=\"http:\/\/www.himmelsleuchten.de\">www.himmelsleuchten.de<\/a>, <a href=\"http:\/\/www.kidro.de\">www.kidro.de<\/a>, <a href=\"http:\/\/www.moebellager-sofa.de\">www.moebellager-sofa.de<\/a>, <a href=\"http:\/\/www.jugendladen.de\">www.jugendladen.de<\/a>, <a href=\"http:\/\/www.zeltlagerfamilie.de\">www.zeltlagerfamilie.de<\/a><\/p>\n\n\n\n<h3 class=\"wp-block-heading\">Bei redaktionellen Inhalten:<\/h3>\n\n\n\n<p>Verantwortlich nach \u00a7 55 Abs.2 RStV<br>Christian Fenn<br>Zur Kanzel 9<br>97762 Hammelburg<\/p>\n\n\n\n<h3 class=\"wp-block-heading\">Weiterverwendung der Bilder<\/h3>\n\n\n\n<p>Formell gilt: Dieses Werk ist lizenziert unter einer <a href=\"https:\/\/creativecommons.org\/licenses\/by-nc-sa\/4.0\/deed.de\">Creative Commons Namensnennung &#8211; Nicht-kommerziell &#8211; Weitergabe unter gleichen Bedingungen 4.0 International Lizenz<\/a>.<\/p>\n\n\n\n<p>Beabsichtigt ist es wie folgt:<\/p>\n\n\n\n<blockquote class=\"wp-block-quote is-layout-flow wp-block-quote-is-layout-flow\"><p>Jeder darf die Fotos dieser Homepage f\u00fcr private Zwecke frei verwenden, sofern er daraus keinen finanziellen Gewinn schl\u00e4gt. Dar\u00fcberhinaus d\u00fcrfen die Fotos ohne weitere R\u00fcckfrage mit Angabe der Quelle weiter ver\u00f6ffentlicht werden, wenn dadurch kein finanzieller Gewinn geschlagen werden kann. \u00dcber eine Mitteilung dar\u00fcber w\u00fcrde ich mich aber zumindest freuen. Ver\u00f6ffentlichungen ohne Quellenangabe oder mit Gewinnabsichten bed\u00fcrfen der Absprache.<\/p><cite>Christian Fenn <\/cite><\/blockquote>\n\n\n\n<p>Wer also die Photos au\u00dferhalb ohne Namensnennung oder in einem kommerziellen Umfeld weiterverwenden m\u00f6chte, melde sich bitte bei Christian unter den oben angegebenen Kontaktdaten.<\/p>\n\n\n\n<h3 class=\"wp-block-heading\">Beteiligen und Unterst\u00fctzen<\/h3>\n\n\n\n<p>Nach dem Blitzeinschlag hatte sich herum gesprochen, dass ich die ganzen Unkosten f\u00fcr die Technik aus eigenen Mitteln aufbringen muss. Deshalb wurde ich immer wieder mal nach der Kontonummer gefragt. Diese lautet Christian Fenn, IBAN DE83 7935 1010 0810 6052 79. Danke<\/p>\n\n\n\n<h3 class=\"wp-block-heading\">Verlinken und Links<\/h3>\n\n\n\n<p>Jeder darf, der eine legale Internetseite betreibt, darf auf diese Homepage verlinken. F\u00fcr verlinkte Homepages auf dieser Seite k\u00f6nnen wir nicht immer Verantworung \u00fcbernehmen. Insbesondere auf die Seite bei Facebook hat der Betreiber dieser Homepage nur bedingt Einfluss.<\/p>\n\n\n\n<h3 class=\"wp-block-heading\">Herzlichen Dank<\/h3>\n\n\n\n<p>Nachdem wir mit der Technik erst vom Kirchturm in den M\u00f6nchsturm, dann vom M\u00f6nchsturm in den Dachboden des Rathauses umgezogen sind, mussten auch im Jahr 2022 viele Helfer Hand anlegen.<\/p>\n\n\n\n<p>Ein ganz besonderer Dank geht daher an die Bauverwaltung der Stadt Hammelburg, insbesondere an Andreas Reuter, der viele Schritte mitgeplant hat und mit dem ich im st\u00e4ndigen Austausch stand. Mit Rat und Tat stand er st\u00e4ndig zur Seite. Auch \u00fcber den Feierabend hinaus.<\/p>\n\n\n\n<p>Herzlichen Dank auch an die Mitarbeiter unseres st\u00e4dtischen Bauhofs, die uns das Fenster im Dachboden soweit pr\u00e4parierten, dass wir das Teleskop samt Kamera dort installieren konnten.<\/p>\n\n\n\n<p>Die Technische Umsetzung der WLAN-Br\u00fccke und die Auswahl der Kameras wurde schon im letzten Jahr begleitet von der Firma Hard- und Softwareentwicklung Christian Merz aus Regensburg. Einweisungen vor Ort erm\u00f6glichten den Umstieg von USB-Kameras auf IP-basierte Systeme.<\/p>\n\n\n\n<figure class=\"wp-block-image size-large\"><img loading=\"lazy\" decoding=\"async\" width=\"1000\" height=\"200\" src=\"https:\/\/www.unser-hammelburg.de\/storchennest\/wp-content\/uploads\/2021\/04\/Technik_logo-1.jpg\" alt=\"\" class=\"wp-image-1855\" srcset=\"https:\/\/www.unser-hammelburg.de\/storchennest\/wp-content\/uploads\/2021\/04\/Technik_logo-1.jpg 1000w, https:\/\/www.unser-hammelburg.de\/storchennest\/wp-content\/uploads\/2021\/04\/Technik_logo-1-300x60.jpg 300w, https:\/\/www.unser-hammelburg.de\/storchennest\/wp-content\/uploads\/2021\/04\/Technik_logo-1-768x154.jpg 768w\" sizes=\"auto, (max-width: 1000px) 100vw, 1000px\" \/><\/figure>\n\n\n\n<p>Dank der Kontakte von Christian Merz in die &#8222;Kameraszene&#8220; und die Zusammenarbeit mit der Firma Arcotron in Weiden (die sonst Autobahn\u00fcberwachungen installieren) haben wir z\u00fcgig umfangreiche Beratung erhalten, sowie zwischenzeitlich die vierte Kamera zugeschickt bekommen. Zwei hatte ja leider der Blitz zerst\u00f6rt.<\/p>\n\n\n\n<p>F\u00fcr den Umstieg der Homepage von der urspr\u00fcnglichen HTML-Programmierung in ein WordPress-basiertes CMS geht ein herzliches Dankesch\u00f6n an Markus Heurung, der mir die Grundfunktionen von WordPress n\u00e4her brachte, dies auf der Homepage installierte und auch jetzt noch f\u00fcr Fragen zur Verf\u00fcgung steht. Seine Vorarbeit vom letzten Jahr konnten wir auch dieses Jahr noch nutzen.<\/p>\n\n\n\n<p>Dar\u00fcberhinaus haben unz\u00e4hlige Anrufe, eMail- und whatsapp-Kontakte (teilweise auch sehr kritische) Einfluss auf die Gestaltung genommen und uns zu weiterer R\u00fccksichtnahme angeregt. Auch daf\u00fcr herzlichen Dank.<\/p>\n\n\n\n<p>Die Homepage ist ein privates Projekt. Die Umsetzung hat mich in den letzten Jahren mehrere tausend Euro gekostet. Wenn Sie sich daran beteiligen wollen, dann freue ich mich \u00fcber Ihre Kontaktaufnahme.<\/p>\n\n\n\n<p><\/p>\n","protected":false},"excerpt":{"rendered":"<p>Anbieter: Christian FennZur Kanzel 997762 Hammelburg Kontakt: Telefon: 09732\/780773Handy: 0170\/8525180email: christian.fenn@jugendladen.de weitere Homepage: www.himmelsleuchten.de, www.kidro.de, www.moebellager-sofa.de, www.jugendladen.de, www.zeltlagerfamilie.de Bei redaktionellen Inhalten: Verantwortlich nach \u00a7 55 Abs.2 RStVChristian FennZur Kanzel 997762 Hammelburg Weiterverwendung der Bilder Formell gilt: Dieses Werk ist lizenziert unter einer Creative Commons Namensnennung &#8211; Nicht-kommerziell &#8211; Weitergabe unter<\/p>\n","protected":false},"author":1,"featured_media":0,"parent":0,"menu_order":0,"comment_status":"closed","ping_status":"closed","template":"","meta":{"ngg_post_thumbnail":0,"footnotes":""},"class_list":["post-1745","page","type-page","status-publish","hentry"],"_links":{"self":[{"href":"https:\/\/www.unser-hammelburg.de\/storchennest\/wp-json\/wp\/v2\/pages\/1745","targetHints":{"allow":["GET"]}}],"collection":[{"href":"https:\/\/www.unser-hammelburg.de\/storchennest\/wp-json\/wp\/v2\/pages"}],"about":[{"href":"https:\/\/www.unser-hammelburg.de\/storchennest\/wp-json\/wp\/v2\/types\/page"}],"author":[{"embeddable":true,"href":"https:\/\/www.unser-hammelburg.de\/storchennest\/wp-json\/wp\/v2\/users\/1"}],"replies":[{"embeddable":true,"href":"https:\/\/www.unser-hammelburg.de\/storchennest\/wp-json\/wp\/v2\/comments?post=1745"}],"version-history":[{"count":13,"href":"https:\/\/www.unser-hammelburg.de\/storchennest\/wp-json\/wp\/v2\/pages\/1745\/revisions"}],"predecessor-version":[{"id":2586,"href":"https:\/\/www.unser-hammelburg.de\/storchennest\/wp-json\/wp\/v2\/pages\/1745\/revisions\/2586"}],"wp:attachment":[{"href":"https:\/\/www.unser-hammelburg.de\/storchennest\/wp-json\/wp\/v2\/media?parent=1745"}],"curies":[{"name":"wp","href":"https:\/\/api.w.org\/{rel}","templated":true}]}}